{"id":43,"date":"2026-02-18T22:47:13","date_gmt":"2026-02-18T22:47:13","guid":{"rendered":"https:\/\/www.tampereenkeittiot.fi\/?page_id=43"},"modified":"2026-03-11T23:10:53","modified_gmt":"2026-03-11T21:10:53","slug":"sivut-remontissa","status":"publish","type":"page","link":"https:\/\/www.tampereenkeittiot.fi\/","title":{"rendered":"SIVUT REMONTISSA"},"content":{"rendered":"\n<div class=\"wp-block-cover alignfull has-custom-css wp-duotone-unset-1 wp-custom-css-c1ca3e28\" style=\"border-style:none;border-width:0px;border-top-left-radius:0px;border-top-right-radius:0px;border-bottom-left-radius:0px;border-bottom-right-radius:0px;margin-top:0;margin-bottom:0;padding-right:var(--wp--preset--spacing--30);padding-left:var(--wp--preset--spacing--30)\"><img loading=\"lazy\" decoding=\"async\" width=\"1080\" height=\"693\" class=\"wp-block-cover__image-background wp-image-87 size-full\" alt=\"Keitti\u00f6remontti Tampere Henri River\" src=\"https:\/\/www.tampereenkeittiot.fi\/wp-content\/uploads\/2026\/03\/keitti2_317__msi___jpg-2880w.jpg\" style=\"object-position:50% 46%\" data-object-fit=\"cover\" data-object-position=\"50% 46%\" srcset=\"https:\/\/www.tampereenkeittiot.fi\/wp-content\/uploads\/2026\/03\/keitti2_317__msi___jpg-2880w.jpg 1080w, https:\/\/www.tampereenkeittiot.fi\/wp-content\/uploads\/2026\/03\/keitti2_317__msi___jpg-2880w-300x193.jpg 300w, https:\/\/www.tampereenkeittiot.fi\/wp-content\/uploads\/2026\/03\/keitti2_317__msi___jpg-2880w-1024x657.jpg 1024w, https:\/\/www.tampereenkeittiot.fi\/wp-content\/uploads\/2026\/03\/keitti2_317__msi___jpg-2880w-768x493.jpg 768w\" sizes=\"auto, (max-width: 1080px) 100vw, 1080px\" \/><span aria-hidden=\"true\" class=\"wp-block-cover__background has-background-dim-40 has-background-dim\"><\/span><div class=\"wp-block-cover__inner-container is-layout-flow wp-container-core-cover-is-layout-4ad73af9 wp-block-cover-is-layout-flow\">\n<figure class=\"wp-block-image aligncenter size-medium\" style=\"margin-right:0;margin-left:0\"><img loading=\"lazy\" decoding=\"async\" width=\"300\" height=\"105\" src=\"https:\/\/www.tampereenkeittiot.fi\/wp-content\/uploads\/2026\/02\/WhiteText-300x105.png\" alt=\"Henri River Tampereen Keitti\u00f6t\" class=\"wp-image-15\"\/><\/figure>\n<\/div><\/div>\n\n\n\n<div style=\"height:100px\" aria-hidden=\"true\" class=\"wp-block-spacer\"><\/div>\n\n\n<h2 class=\"wp-block-post-title\">SIVUT REMONTISSA<\/h2>\n\n\n<div style=\"height:100px\" aria-hidden=\"true\" class=\"wp-block-spacer\"><\/div>\n\n\n\n<p class=\"wp-block-paragraph\">Kun teemme remonttia asiakkaillemme, teemme sen huolella.<br>Sama p\u00e4tee nyt verkkosivuihimme.<\/p>\n\n\n\n<p class=\"wp-block-paragraph\">Sivusto valmistuu pian &#8211; sill\u00e4 aikaa voit olla yhteydess\u00e4:<\/p>\n\n\n\n<p class=\"has-palette-color-8-color has-text-color has-link-color wp-elements-c34a255f6de78177dea2f24b9ffa3416 wp-block-paragraph\"><a href=\"tel:+358503497817\" target=\"_blank\" rel=\"noreferrer noopener\"><em>050 349 7817<\/em><\/a><br><a href=\"mailto:henri.river1@gmail.com\" target=\"_blank\" rel=\"noreferrer noopener\"><em>henri.river1@gmail.com<\/em><\/a><\/p>\n\n\n\n<div style=\"height:100px\" aria-hidden=\"true\" class=\"wp-block-spacer\"><\/div>\n","protected":false},"excerpt":{"rendered":"<p>Kun teemme remonttia asiakkaillemme, teemme sen huolella.Sama p\u00e4tee nyt verkkosivuihimme. Sivusto valmistuu pian &#8211; sill\u00e4 aikaa voit olla yhteydess\u00e4: 050 349 7817henri.river1@gmail.com<\/p>\n","protected":false},"author":1,"featured_media":0,"parent":0,"menu_order":0,"comment_status":"closed","ping_status":"closed","template":"","meta":{"_crdt_document":"","footnotes":""},"class_list":["post-43","page","type-page","status-publish","hentry"],"blocksy_meta":[],"_links":{"self":[{"href":"https:\/\/www.tampereenkeittiot.fi\/index.php?rest_route=\/wp\/v2\/pages\/43","targetHints":{"allow":["GET"]}}],"collection":[{"href":"https:\/\/www.tampereenkeittiot.fi\/index.php?rest_route=\/wp\/v2\/pages"}],"about":[{"href":"https:\/\/www.tampereenkeittiot.fi\/index.php?rest_route=\/wp\/v2\/types\/page"}],"author":[{"embeddable":true,"href":"https:\/\/www.tampereenkeittiot.fi\/index.php?rest_route=\/wp\/v2\/users\/1"}],"replies":[{"embeddable":true,"href":"https:\/\/www.tampereenkeittiot.fi\/index.php?rest_route=%2Fwp%2Fv2%2Fcomments&post=43"}],"version-history":[{"count":9,"href":"https:\/\/www.tampereenkeittiot.fi\/index.php?rest_route=\/wp\/v2\/pages\/43\/revisions"}],"predecessor-version":[{"id":143,"href":"https:\/\/www.tampereenkeittiot.fi\/index.php?rest_route=\/wp\/v2\/pages\/43\/revisions\/143"}],"wp:attachment":[{"href":"https:\/\/www.tampereenkeittiot.fi\/index.php?rest_route=%2Fwp%2Fv2%2Fmedia&parent=43"}],"curies":[{"name":"wp","href":"https:\/\/api.w.org\/{rel}","templated":true}]}}